{"id":602,"date":"2023-06-14T09:52:07","date_gmt":"2023-06-14T07:52:07","guid":{"rendered":"https:\/\/commercioepellegrino.com\/homepage\/"},"modified":"2023-09-06T09:35:28","modified_gmt":"2023-09-06T07:35:28","slug":"homepage","status":"publish","type":"page","link":"https:\/\/commercioepellegrino.com\/fr\/","title":{"rendered":"Homepage"},"content":{"rendered":"","protected":false},"excerpt":{"rendered":"","protected":false},"author":2,"featured_media":0,"parent":0,"menu_order":0,"comment_status":"closed","ping_status":"closed","template":"","meta":{"_acf_changed":false,"inline_featured_image":false,"footnotes":""},"class_list":["post-602","page","type-page","status-publish","hentry"],"acf":[],"yoast_head":"<!-- This site is optimized with the Yoast SEO plugin v23.7 - https:\/\/yoast.com\/wordpress\/plugins\/seo\/ -->\n<title>H\u00f4tel Commercio &amp; Pellegrino | H\u00f4tel 3 \u00e9toiles | Site officiel<\/title>\n<meta name=\"description\" content=\"\u00c0 cinq minutes de la place Saint-Marc et du Palazzo Ducale, des services excellents et des chambres raffin\u00e9es, nous vous accueillerons au c\u0153ur de Venise.\" \/>\n<meta name=\"robots\" content=\"index, follow, max-snippet:-1, max-image-preview:large, max-video-preview:-1\" \/>\n<link rel=\"canonical\" href=\"https:\/\/commercioepellegrino.com\/fr\/\" \/>\n<meta property=\"og:locale\" content=\"fr_FR\" \/>\n<meta property=\"og:type\" content=\"article\" \/>\n<meta property=\"og:title\" content=\"H\u00f4tel Commercio &amp; Pellegrino | H\u00f4tel 3 \u00e9toiles | Site officiel\" \/>\n<meta property=\"og:description\" content=\"\u00c0 cinq minutes de la place Saint-Marc et du Palazzo Ducale, des services excellents et des chambres raffin\u00e9es, nous vous accueillerons au c\u0153ur de Venise.\" \/>\n<meta property=\"og:url\" content=\"https:\/\/commercioepellegrino.com\/fr\/\" \/>\n<meta property=\"og:site_name\" content=\"Hotel commercio &amp; pellegrino\" \/>\n<meta property=\"article:modified_time\" content=\"2023-09-06T07:35:28+00:00\" \/>\n<meta property=\"og:image\" content=\"https:\/\/commercioepellegrino.com\/wp-content\/uploads\/2023\/08\/Immagine-del-sito.jpg\" \/>\n\t<meta property=\"og:image:width\" content=\"1200\" \/>\n\t<meta property=\"og:image:height\" content=\"675\" \/>\n\t<meta property=\"og:image:type\" content=\"image\/jpeg\" \/>\n<meta name=\"twitter:card\" content=\"summary_large_image\" \/>\n<script type=\"application\/ld+json\" class=\"yoast-schema-graph\">{\"@context\":\"https:\/\/schema.org\",\"@graph\":[{\"@type\":\"WebPage\",\"@id\":\"https:\/\/commercioepellegrino.com\/fr\/\",\"url\":\"https:\/\/commercioepellegrino.com\/fr\/\",\"name\":\"H\u00f4tel Commercio & Pellegrino | H\u00f4tel 3 \u00e9toiles | Site officiel\",\"isPartOf\":{\"@id\":\"https:\/\/commercioepellegrino.com\/fr\/#website\"},\"datePublished\":\"2023-06-14T07:52:07+00:00\",\"dateModified\":\"2023-09-06T07:35:28+00:00\",\"description\":\"\u00c0 cinq minutes de la place Saint-Marc et du Palazzo Ducale, des services excellents et des chambres raffin\u00e9es, nous vous accueillerons au c\u0153ur de Venise.\",\"breadcrumb\":{\"@id\":\"https:\/\/commercioepellegrino.com\/fr\/#breadcrumb\"},\"inLanguage\":\"fr-FR\",\"potentialAction\":[{\"@type\":\"ReadAction\",\"target\":[\"https:\/\/commercioepellegrino.com\/fr\/\"]}]},{\"@type\":\"BreadcrumbList\",\"@id\":\"https:\/\/commercioepellegrino.com\/fr\/#breadcrumb\",\"itemListElement\":[{\"@type\":\"ListItem\",\"position\":1,\"name\":\"Home\",\"item\":\"https:\/\/commercioepellegrino.com\/fr\/homepage\/\"},{\"@type\":\"ListItem\",\"position\":2,\"name\":\"Homepage\"}]},{\"@type\":\"WebSite\",\"@id\":\"https:\/\/commercioepellegrino.com\/fr\/#website\",\"url\":\"https:\/\/commercioepellegrino.com\/fr\/\",\"name\":\"Commercio & Pellegrino | 3 star hotel | Official Site\",\"description\":\"\",\"publisher\":{\"@id\":\"https:\/\/commercioepellegrino.com\/fr\/#organization\"},\"potentialAction\":[{\"@type\":\"SearchAction\",\"target\":{\"@type\":\"EntryPoint\",\"urlTemplate\":\"https:\/\/commercioepellegrino.com\/fr\/?s={search_term_string}\"},\"query-input\":{\"@type\":\"PropertyValueSpecification\",\"valueRequired\":true,\"valueName\":\"search_term_string\"}}],\"inLanguage\":\"fr-FR\"},{\"@type\":\"Organization\",\"@id\":\"https:\/\/commercioepellegrino.com\/fr\/#organization\",\"name\":\"Hotel Commercio & Pellegrino Venice Italy\",\"url\":\"https:\/\/commercioepellegrino.com\/fr\/\",\"logo\":{\"@type\":\"ImageObject\",\"inLanguage\":\"fr-FR\",\"@id\":\"https:\/\/commercioepellegrino.com\/fr\/#\/schema\/logo\/image\/\",\"url\":\"https:\/\/commercioepellegrino.com\/wp-content\/uploads\/2023\/06\/Raggruppa-64.svg\",\"contentUrl\":\"https:\/\/commercioepellegrino.com\/wp-content\/uploads\/2023\/06\/Raggruppa-64.svg\",\"width\":1,\"height\":1,\"caption\":\"Hotel Commercio & Pellegrino Venice Italy\"},\"image\":{\"@id\":\"https:\/\/commercioepellegrino.com\/fr\/#\/schema\/logo\/image\/\"}}]}<\/script>\n<!-- \/ Yoast SEO plugin. -->","yoast_head_json":{"title":"H\u00f4tel Commercio & Pellegrino | H\u00f4tel 3 \u00e9toiles | Site officiel","description":"\u00c0 cinq minutes de la place Saint-Marc et du Palazzo Ducale, des services excellents et des chambres raffin\u00e9es, nous vous accueillerons au c\u0153ur de Venise.","robots":{"index":"index","follow":"follow","max-snippet":"max-snippet:-1","max-image-preview":"max-image-preview:large","max-video-preview":"max-video-preview:-1"},"canonical":"https:\/\/commercioepellegrino.com\/fr\/","og_locale":"fr_FR","og_type":"article","og_title":"H\u00f4tel Commercio & Pellegrino | H\u00f4tel 3 \u00e9toiles | Site officiel","og_description":"\u00c0 cinq minutes de la place Saint-Marc et du Palazzo Ducale, des services excellents et des chambres raffin\u00e9es, nous vous accueillerons au c\u0153ur de Venise.","og_url":"https:\/\/commercioepellegrino.com\/fr\/","og_site_name":"Hotel commercio &amp; pellegrino","article_modified_time":"2023-09-06T07:35:28+00:00","og_image":[{"width":1200,"height":675,"url":"https:\/\/commercioepellegrino.com\/wp-content\/uploads\/2023\/08\/Immagine-del-sito.jpg","type":"image\/jpeg"}],"twitter_card":"summary_large_image","schema":{"@context":"https:\/\/schema.org","@graph":[{"@type":"WebPage","@id":"https:\/\/commercioepellegrino.com\/fr\/","url":"https:\/\/commercioepellegrino.com\/fr\/","name":"H\u00f4tel Commercio & Pellegrino | H\u00f4tel 3 \u00e9toiles | Site officiel","isPartOf":{"@id":"https:\/\/commercioepellegrino.com\/fr\/#website"},"datePublished":"2023-06-14T07:52:07+00:00","dateModified":"2023-09-06T07:35:28+00:00","description":"\u00c0 cinq minutes de la place Saint-Marc et du Palazzo Ducale, des services excellents et des chambres raffin\u00e9es, nous vous accueillerons au c\u0153ur de Venise.","breadcrumb":{"@id":"https:\/\/commercioepellegrino.com\/fr\/#breadcrumb"},"inLanguage":"fr-FR","potentialAction":[{"@type":"ReadAction","target":["https:\/\/commercioepellegrino.com\/fr\/"]}]},{"@type":"BreadcrumbList","@id":"https:\/\/commercioepellegrino.com\/fr\/#breadcrumb","itemListElement":[{"@type":"ListItem","position":1,"name":"Home","item":"https:\/\/commercioepellegrino.com\/fr\/homepage\/"},{"@type":"ListItem","position":2,"name":"Homepage"}]},{"@type":"WebSite","@id":"https:\/\/commercioepellegrino.com\/fr\/#website","url":"https:\/\/commercioepellegrino.com\/fr\/","name":"Commercio & Pellegrino | 3 star hotel | Official Site","description":"","publisher":{"@id":"https:\/\/commercioepellegrino.com\/fr\/#organization"},"potentialAction":[{"@type":"SearchAction","target":{"@type":"EntryPoint","urlTemplate":"https:\/\/commercioepellegrino.com\/fr\/?s={search_term_string}"},"query-input":{"@type":"PropertyValueSpecification","valueRequired":true,"valueName":"search_term_string"}}],"inLanguage":"fr-FR"},{"@type":"Organization","@id":"https:\/\/commercioepellegrino.com\/fr\/#organization","name":"Hotel Commercio & Pellegrino Venice Italy","url":"https:\/\/commercioepellegrino.com\/fr\/","logo":{"@type":"ImageObject","inLanguage":"fr-FR","@id":"https:\/\/commercioepellegrino.com\/fr\/#\/schema\/logo\/image\/","url":"https:\/\/commercioepellegrino.com\/wp-content\/uploads\/2023\/06\/Raggruppa-64.svg","contentUrl":"https:\/\/commercioepellegrino.com\/wp-content\/uploads\/2023\/06\/Raggruppa-64.svg","width":1,"height":1,"caption":"Hotel Commercio & Pellegrino Venice Italy"},"image":{"@id":"https:\/\/commercioepellegrino.com\/fr\/#\/schema\/logo\/image\/"}}]}},"_links":{"self":[{"href":"https:\/\/commercioepellegrino.com\/fr\/wp-json\/wp\/v2\/pages\/602"}],"collection":[{"href":"https:\/\/commercioepellegrino.com\/fr\/wp-json\/wp\/v2\/pages"}],"about":[{"href":"https:\/\/commercioepellegrino.com\/fr\/wp-json\/wp\/v2\/types\/page"}],"author":[{"embeddable":true,"href":"https:\/\/commercioepellegrino.com\/fr\/wp-json\/wp\/v2\/users\/2"}],"replies":[{"embeddable":true,"href":"https:\/\/commercioepellegrino.com\/fr\/wp-json\/wp\/v2\/comments?post=602"}],"version-history":[{"count":22,"href":"https:\/\/commercioepellegrino.com\/fr\/wp-json\/wp\/v2\/pages\/602\/revisions"}],"predecessor-version":[{"id":1445,"href":"https:\/\/commercioepellegrino.com\/fr\/wp-json\/wp\/v2\/pages\/602\/revisions\/1445"}],"wp:attachment":[{"href":"https:\/\/commercioepellegrino.com\/fr\/wp-json\/wp\/v2\/media?parent=602"}],"curies":[{"name":"wp","href":"https:\/\/api.w.org\/{rel}","templated":true}]}}